{"id":3,"date":"2023-12-10T21:03:58","date_gmt":"2023-12-10T21:03:58","guid":{"rendered":"http:\/\/statlore.pl\/?page_id=3"},"modified":"2023-12-12T15:22:18","modified_gmt":"2023-12-12T15:22:18","slug":"politykaprywatnosci","status":"publish","type":"page","link":"https:\/\/statlore.pl\/index.php\/politykaprywatnosci\/","title":{"rendered":"Polityka prywatno\u015bci"},"content":{"rendered":"\n<p><\/p>\n\n\n\n<p>Niniejsza Polityka Prywatno\u015bci okre\u015bla zasady przetwarzania i ochrony danych osobowych przekazanych przez U\u017cytkownik\u00f3w w zwi\u0105zku z korzystaniem z Serwisu internetowego udost\u0119pnionego w domenie www.statlore.pl zwanego dalej \u201eSerwisem\u201d.<br>I. Administrator danych<br>Administratorem danych osobowych U\u017cytkownika Serwisu jest firma JLP Software Sp. z o.o. z siedzib\u0105 przy pl. Bankowym 2 00-870 w Warszawie, zwana dalej \u201eAdministratorem\u201d.<br>II. Zbierane dane i spos\u00f3b ich wykorzystania<\/p>\n\n\n\n<ol>\n<li>Serwis pozwala na utrzymanie anonimowo\u015bci U\u017cytkownika, poniewa\u017c przegl\u0105danie jego zawarto\u015bci nie wymaga podawania przez U\u017cytkownika danych osobowych poza okre\u015blonymi przypadkami.<\/li>\n\n\n\n<li>Dost\u0119p do niekt\u00f3rych us\u0142ug \u015bwiadczonych przez Serwis, mo\u017ce wi\u0105za\u0107 si\u0119 z konieczno\u015bci\u0105 podania przez U\u017cytkownika danych osobowych. W takim przypadku niepodanie danych osobowych mo\u017ce ograniczy\u0107 mo\u017cliwo\u015b\u0107 korzystania z Us\u0142ug.<\/li>\n\n\n\n<li>Spos\u00f3b gromadzenia danych osobowych:<br>3.1 Informacje podawane przez U\u017cytkownika<br>\u2014 Za pomoc\u0105 znajduj\u0105cego si\u0119 na stronach Serwisu formularza kontaktowego, U\u017cytkownik ma mo\u017cliwo\u015b\u0107 skontaktowania si\u0119 z Statlore.pl w zakresie \u015bwiadczonych przez Firm\u0119 us\u0142ug, podaj\u0105c imi\u0119 oraz adres e-mail.<br>\u2014 Serwis na swoich stronach umo\u017cliwia zapisy na szkolenia oraz sk\u0142adanie zapyta\u0144 o szczeg\u00f3\u0142y publikowanych ofert. Zainteresowany t\u0105 opcj\u0105 U\u017cytkownik podaje: imi\u0119 i nazwisko, nazw\u0119 firmy, adres e-mail oraz numer telefonu. Tak pozyskane dane osobowe s\u0105 wykorzystywane do zapisu U\u017cytkownika na szkolenie b\u0105d\u017a odpowiedzi na zapytania ofertowe.<br>Pod warunkiem uzyskania odr\u0119bnej zgody zebrane dane U\u017cytkownika mog\u0105 by\u0107 r\u00f3wnie\u017c wykorzystywane w celach marketingu w\u0142asnych produkt\u00f3w i us\u0142ug oraz przesy\u0142ania informacji handlowych \u015brodkami komunikacji elektronicznej.<br>3.2 Informacje gromadzone automatycznie<br>\u2014 W trakcie korzystania Z Serwisu automatycznie zbierane s\u0105 jedynie dane zwi\u0105zane z przegl\u0105daniem zawarto\u015bci Serwisu przez U\u017cytkownik\u00f3w, takiej jak liczba i \u017ar\u00f3d\u0142o wizyt w Serwisie, czas wizyty, przegl\u0105dane tre\u015bci, liczba i rodzaj otwieranych podstron, wykorzystania odes\u0142ania, czy numer IP komputera. Administrator nie \u0142\u0105czy takich informacji z danymi osobowymi U\u017cytkownika i nie wykorzystuje ich do identyfikacji U\u017cytkownika. Dane zbierane s\u0105 wy\u0142\u0105cznie w celach technicznych (zwi\u0105zanych z administracj\u0105) oraz w celu zbierania og\u00f3lnych danych demograficznych (np. region, z kt\u00f3rego IP \u0142\u0105czy si\u0119 z serwisem).<\/li>\n\n\n\n<li>Podstawy prawne przetwarzania danych:<br>\u2013 art. 6 ust. 1 lit. a) RODO \u2013 osoba, kt\u00f3rej dane dotycz\u0105 wyrazi\u0142a zgod\u0119 na przetwarzanie swoich danych osobowych, tj. dzia\u0142ania marketingowe;<br>\u2013 art. 6 ust. 1 lit. b) RODO \u2013 przetwarzanie jest niezb\u0119dne do wykonania umowy, kt\u00f3rej stron\u0105 jest osoba, kt\u00f3rej dane dotycz\u0105, lub do podj\u0119cia dzia\u0142a\u0144 na \u017c\u0105danie osoby, kt\u00f3rej dane dotycz\u0105, przed zawarciem umowy, tj. przyj\u0119cie oraz realizacja zam\u00f3wienia, zawarcie i wykonanie umowy sprzeda\u017cy;<br>\u2013 art. 6 ust. 1 lit. c) RODO \u2013 przetwarzanie jest niezb\u0119dne do wype\u0142nienia obowi\u0105zku prawnego ci\u0105\u017c\u0105cego na administratorze, tj. wynikaj\u0105cego z ustawy o rachunkowo\u015bci;<br>\u2013 art. 6 ust. 1 lit. f) RODO \u2013 przetwarzanie jest niezb\u0119dne do cel\u00f3w wynikaj\u0105cych z prawnie uzasadnionych interes\u00f3w realizowanych przez administratora lub przez stron\u0119 trzeci\u0105, tj. dostarczenie klientom informacji o realizacji zam\u00f3wienia, bie\u017c\u0105cy kontakt z klientem w zakresie realizacji zam\u00f3wienia, obs\u0142uga reklamacji, \u017c\u0105dania odst\u0105pienia od umowy.<br>III. Pliki cookies<\/li>\n\n\n\n<li>Serwis do cel\u00f3w statystycznych oraz w celu optymalnego zarz\u0105dzania tre\u015bci\u0105 strony, tak by dostosowa\u0107 j\u0105 do indywidualnych potrzeb ka\u017cdego U\u017cytkownika, korzysta z informacji zapisanych za pomoc\u0105 plik\u00f3w cookies na urz\u0105dzeniach ko\u0144cowych u\u017cytkownika. Pliki cookies nie zawieraj\u0105 \u017cadnych danych osobowych i mog\u0105 by\u0107 przechowywane do momentu zamkni\u0119cia przegl\u0105darki lub do momentu usuni\u0119cia ich z przegl\u0105darki.<\/li>\n\n\n\n<li>Serwis statlore.pl stosuje dwa typy plik\u00f3w cookies:<br>\u2022 Cookie sesyjne: s\u0105 przechowywane na urz\u0105dzeniu U\u017cytkownika i pozostaj\u0105 tam do momentu zako\u0144czenia sesji danej przegl\u0105darki. Zapisane informacje s\u0105 w\u00f3wczas trwale usuwane z pami\u0119ci urz\u0105dzenia. Mechanizm cookies sesyjnych nie pozwala na pobieranie jakichkolwiek danych osobowych ani \u017cadnych informacji poufnych z urz\u0105dzenia U\u017cytkownika.<br>\u2022 Cookie trwa\u0142e: s\u0105 przechowywane na urz\u0105dzeniu U\u017cytkownika i pozostaj\u0105 tam do momentu ich skasowania. Zako\u0144czenie sesji danej przegl\u0105darki lub wy\u0142\u0105czenie Urz\u0105dzenia nie powoduje ich usuni\u0119cia z urz\u0105dzenia U\u017cytkownika. Mechanizm cookies trwa\u0142ych nie pozwala na pobieranie jakichkolwiek danych osobowych ani \u017cadnych informacji poufnych z urz\u0105dzenia U\u017cytkownika.<\/li>\n\n\n\n<li>Prawo stanowi, \u017ce mo\u017cna przechowywa\u0107 pliki cookie na Urz\u0105dzeniu U\u017cytkownika, je\u015bli jest to niezb\u0119dne do funkcjonowania niniejszej strony. Do wszystkich innych rodzaj\u00f3w plik\u00f3w cookie Administrator potrzebuje zezwolenia U\u017cytkownika.<\/li>\n\n\n\n<li>U\u017cytkownik zawsze mo\u017ce zrezygnowa\u0107 z ciasteczek. Niezale\u017cnie od tego, jakiej przegl\u0105darki internetowej u\u017cywa, U\u017cytkownik mo\u017ce skorzysta\u0107 z opcji wy\u0142\u0105czenia ciasteczek zar\u00f3wno dla konkretnej witryny, jak i wszystkich odwiedzanych przez U\u017cytkownika stron internetowych. Informacj\u0119 o tym, jak skorzysta\u0107 z powy\u017cszej opcji mo\u017cesz znale\u017a\u0107 u producenta stosowanej przez U\u017cytkownika przegl\u0105darki (Opera, Firefox, Internet Explorer, Chrome, Safari). Wi\u0119cej informacji o plikach cookies mo\u017cna znale\u017a\u0107 na stronie: wszystkoociasteczkach.pl.<\/li>\n\n\n\n<li>U\u017cytkownik ma mo\u017cliwo\u015b\u0107 ograniczenia lub wy\u0142\u0105czenia dost\u0119pu plik\u00f3w cookies do swojego urz\u0105dzenia. W przypadku skorzystania z tej opcji korzystanie ze Serwisu b\u0119dzie mo\u017cliwe, poza funkcjami, kt\u00f3re ze swojej natury wymagaj\u0105 plik\u00f3w cookies.<\/li>\n\n\n\n<li>Niezb\u0119dne pliki cookies s\u0105 przetwarzane przez Administratora w celach okre\u015blonych w tabeli poni\u017cej, stanowi\u0105cych prawnie uzasadniony interes Administratora oraz U\u017cytkownik\u00f3w. Pozosta\u0142e pliki cookies s\u0105 przetwarzane na podstawie wyra\u017conej przez U\u017cytkownika zgody.<br>IV. Przekazywanie i udost\u0119pnianie danych osobowych<br>Odbiorcami danych osobowych s\u0105 podmioty \u015bwiadcz\u0105ce us\u0142ugi na rzecz Administratora, w szczeg\u00f3lno\u015bci dostawcy us\u0142ug informatycznych a tak\u017ce pracownicy oraz wsp\u00f3\u0142pracownicy administratora, zaanga\u017cowani w realizacj\u0119 cel\u00f3w przetwarzania danych osobowych, jak r\u00f3wnie\u017c uprawnione organy w\u0142adzy publicznej (np. s\u0105d, prokuratura) zgodnie z obowi\u0105zuj\u0105cymi przepisami prawa.<br>Nasi dostawcy maj\u0105 siedzib\u0119 g\u0142\u00f3wnie w Polsce i w innych krajach Europejskiego Obszaru Gospodarczego (EOG), np. w Wielkiej Brytanii. Niekt\u00f3rzy spo\u015br\u00f3d naszych dostawc\u00f3w maj\u0105 siedzib\u0119 poza terytorium EOG. W zwi\u0105zku z przekazaniem Twoich danych poza terytorium EOG zadbali\u015bmy, aby nasi dostawcy dawali gwarancje wysokiego stopnia ochrony danych osobowych. Gwarancje te wynikaj\u0105 w szczeg\u00f3lno\u015bci ze zobowi\u0105zania do stosowania standardowych klauzul umownych przyj\u0119tych przez Komisj\u0119 (UE) lub uczestnictwa w programie \u201cTarcza Prywatno\u015bci\u201d ustanowionym na mocy decyzji wykonawczej Komisji (UE) 2016\/1250 z dnia 12 lipca 2016 r. w sprawie adekwatno\u015bci ochrony zapewnianej przez Tarcz\u0119 Prywatno\u015bci UE-USA.<br>V. Zabezpieczenie danych osobowych<br>Wszelkie dane osobowe U\u017cytkownika uzyskane za po\u015brednictwem serwisu s\u0105 przetwarzane w spos\u00f3b zapewniaj\u0105cy ich bezpiecze\u0144stwo, zgodnie z przepisami powszechnie obowi\u0105zuj\u0105cego prawa, w szczeg\u00f3lno\u015bci za\u015b z rozporz\u0105dzeniem Parlamentu Europejskiego i Rady (UE) 2016\/679 z 27.04.2016 r. w sprawie ochrony os\u00f3b fizycznych w zwi\u0105zku z przetwarzaniem danych osobowych i w sprawie swobodnego przep\u0142ywu takich danych oraz uchylenia dyrektywy 95\/46\/WE.<br>Administrator danych zachowuje poufno\u015b\u0107 wszelkich przekazanych informacji. Przetwarzanie danych odbywa si\u0119 zgodnie z procedurami organizacyjnymi i sposobami \u015bci\u015ble zwi\u0105zanymi ze wskazanymi celami.<br>VI. Okres przetwarzania danych<\/li>\n\n\n\n<li>Dane osobowe U\u017cytkownika przetwarzane do celu obs\u0142ugi zapytania ofertowego b\u0119d\u0105 procesowane przez okres trwania korespondencji, a nast\u0119pnie, w zale\u017cno\u015bci od tego, jakie b\u0119d\u0105 jej rezultaty albo zasil\u0105 baz\u0119 klient\u00f3w JLP Software i b\u0119d\u0105 dalej przetwarzane w celu realizacji umowy, albo zostan\u0105 usuni\u0119te, je\u017celi nie zaistnieje mo\u017cliwo\u015b\u0107 nawi\u0105zania wsp\u00f3\u0142pracy.<\/li>\n\n\n\n<li>W przypadku czytelnego dla Administratora zamkni\u0119cia rozm\u00f3w ze strony U\u017cytkownika, dane zostan\u0105 usuni\u0119te niezw\u0142ocznie z roboczych baz systemowych, a z kopii bezpiecze\u0144stwa przed up\u0142ywem trzydziestu dni.<\/li>\n\n\n\n<li>W przypadku braku odpowiedzi i niejasnej sytuacji, dane b\u0119d\u0105 przechowywane przez okres 6 miesi\u0119cy od daty nadania ostatniej wiadomo\u015bci.<\/li>\n\n\n\n<li>Dane przekazane podczas zapisu na szkolenie b\u0119d\u0105 przetwarzane przez okres niezb\u0119dny do wykazania, i\u017c szkolenie zosta\u0142o przeprowadzone z nale\u017cyt\u0105 staranno\u015bci\u0105, tj. 4 lat od momentu zako\u0144czenia szkolenia.<\/li>\n\n\n\n<li>Dane os\u00f3b, kt\u00f3re zrezygnowa\u0142y ze szkolenia b\u0119d\u0105 przetwarzane przez okres 3 miesi\u0119cy od momentu rezygnacji.<\/li>\n\n\n\n<li>Dane przetwarzane na podstawie zgody, a wi\u0119c dane wykorzystywane do wysy\u0142ania informacji marketingowych, b\u0119d\u0105 przetwarzane do momentu cofni\u0119cia zgody. Nale\u017cy r\u00f3wnie\u017c doliczy\u0107 okres 30 dni potrzebny na usuni\u0119cie ich z kopii bezpiecze\u0144stwa.<br>VII. Prawa U\u017cytkownika<br>To U\u017cytkownik decyduje o zakresie i celu przetwarzania. W ka\u017cdej chwili U\u017cytkownik ma prawo do:<br>\u2022 Cofni\u0119cia zgody. Zgoda U\u017cytkownika na przetwarzanie danych w celach marketingowych jest dobrowolna i mo\u017ce zosta\u0107 cofni\u0119ta w dowolnym momencie. Zaleca si\u0119 aby w tym celu U\u017cytkownik przes\u0142a\u0142 wiadomo\u015b\u0107 z tego samego adresu e-mail lub numeru telefonu, na kt\u00f3ry otrzymuje tre\u015bci marketingowe. Wy\u0142\u0105czn\u0105 konsekwencj\u0105 cofni\u0119cia zgody b\u0119dzie fakt, \u017ce U\u017cytkownik nie b\u0119dzie m\u00f3g\u0142 d\u0142u\u017cej otrzymywa\u0107 od JLP Software sp. z o.o. informacji o ofercie i innych tre\u015bciach marketingowych.<br>\u2022 Sprzeciwu wobec wykorzystania danych. U\u017cytkownik ma prawo w dowolnym momencie wnie\u015b\u0107 sprzeciw wobec wykorzystania swoich danych osobowych, je\u017celi dane U\u017cytkownika przetwarzane s\u0105 w oparciu o prawnie uzasadniony interes, np. marketingiem produkt\u00f3w i us\u0142ug. Rezygnacja z otrzymywania komunikat\u00f3w marketingowych dotycz\u0105cych produkt\u00f3w lub us\u0142ug JLP Software sp. z o.o., b\u0119dzie oznacza\u0107 dla Administratora danych sprzeciw U\u017cytkownika na przetwarzanie jego danych osobowych. Je\u017celi sprzeciw U\u017cytkownika oka\u017ce si\u0119 zasadny i nie b\u0119dzie innej podstawy prawnej do przetwarzania danych osobowych U\u017cytkownika, Administrator danych usunie z Serwisu dane U\u017cytkownika, wobec wykorzystania kt\u00f3rych wni\u00f3s\u0142 sprzeciw.<br>\u2022 Usuni\u0119cia danych (\u201eprawo do bycia zapomnianym\u201d). U\u017cytkownik ma prawo do \u017c\u0105dania usuni\u0119cia wszystkich lub niekt\u00f3rych danych osobowych. U\u017cytkownik ma prawo \u017c\u0105dania usuni\u0119cia danych osobowych, je\u017celi:<br>a) wycofa\u0142 okre\u015blon\u0105 zgod\u0119, w zakresie w jakim dane osobowe by\u0142y przetwarzane w oparciu o jego zgod\u0119;<br>b) dane osobowe U\u017cytkownika przesta\u0142y by\u0107 niezb\u0119dne do cel\u00f3w, w kt\u00f3rych zosta\u0142y zebrane lub w kt\u00f3rych by\u0142y przetwarzane;<br>c) wni\u00f3s\u0142 sprzeciw wobec wykorzystywania swoich danych w celach marketingowych;<br>d) dane osobowe U\u017cytkownika s\u0105 przetwarzane niezgodnie z prawem.<br>Pomimo \u017c\u0105dania usuni\u0119cia danych osobowych, w zwi\u0105zku z wniesieniem sprzeciwu lub wycofaniem zgody, Administrator mo\u017ce zachowa\u0107 pewne dane osobowe w zakresie niezb\u0119dnym do cel\u00f3w ustalenia, dochodzenia lub obrony roszcze\u0144.<br>\u2022 Przenoszenia danych. U\u017cytkownik ma prawo otrzyma\u0107 swoje dane osobowe, kt\u00f3re dostarczy\u0142 za pomoc\u0105 Serwisu, a nast\u0119pnie przes\u0142a\u0107 je do innego, wybranego przez siebie, administratora danych osobowych. U\u017cytkownik ma prawo \u017c\u0105da\u0107, by dane osobowe zosta\u0142y przes\u0142ane przez Administratora bezpo\u015brednio innemu administratorowi, o ile jest to technicznie mo\u017cliwe.<br>\u2022 Ograniczenia przetwarzania danych. U\u017cytkownik ma prawo do \u017c\u0105dania ograniczenia przetwarzania swoich danych osobowych. Je\u017celi U\u017cytkownik zg\u0142osi takie \u017c\u0105danie, do czasu jego rozpatrzenia Administrator danych uniemo\u017cliwi danemu U\u017cytkownikowi korzystanie z okre\u015blonych us\u0142ug, z kt\u00f3rych korzystanie b\u0119dzie si\u0119 wi\u0105za\u0142o z przetwarzaniem danych obj\u0119tych \u017c\u0105daniem.<br>\u2022 Dost\u0119pu do danych. U\u017cytkownik ma prawo uzyska\u0107 potwierdzenie od Administratora danych, czy ten przetwarza jego dane osobowe, a je\u017celi ma to miejsce, U\u017cytkownik ma prawo:<br>a) uzyska\u0107 dost\u0119p do swoich danych osobowych;<br>b) uzyska\u0107 informacje o celach przetwarzania, kategoriach przetwarzanych danych osobowych, o odbiorcach lub kategoriach odbiorc\u00f3w tych danych, planowanym okresie przechowywania danych lub o kryteriach ustalania tego okresu, o prawach przys\u0142uguj\u0105cych U\u017cytkownikowi na mocy RODO oraz o prawie wniesienia skargi do organu nadzorczego, o \u017ar\u00f3dle tych danych, o zautomatyzowanym podejmowaniu decyzji, w tym o profilowaniu oraz o zabezpieczeniach stosowanych w zwi\u0105zku z przekazaniem tych danych poza Uni\u0119 Europejsk\u0105;<br>c) uzyska\u0107 kopi\u0119 swoich danych osobowych.<br>\u2022 Sprostowania danych. U\u017cytkownik ma prawo do sprostowania i uzupe\u0142nienia podanych przez siebie danych osobowych. U\u017cytkownik ma prawo \u017c\u0105da\u0107 od Administratora sprostowania danych (je\u017celi s\u0105 nieprawid\u0142owe) oraz ich uzupe\u0142nienia (je\u017celi s\u0105 niekompletne).<br>\u2022 Wniesienia skargi do organu nadzorczego. U\u017cytkownik ma prawo zg\u0142asza\u0107 do nas skargi, zapytania i wnioski dotycz\u0105ce przetwarzania jego danych osobowych oraz realizacji przys\u0142uguj\u0105cych jemu uprawnie\u0144. U\u017cytkownik ma prawo z\u0142o\u017cy\u0107 skarg\u0119 do Prezesa Urz\u0119du Ochrony Danych Osobowych z siedzib\u0105 przy ul. Stawki 2 w Warszawie lub innego organu nadzorczego.<br>VIII. Prawa autorskie<br>Wszelkie prawa do zawarto\u015bci Serwisu www.statlore.pl s\u0105 zastrze\u017cone. U\u017cytkownik ma prawo pobierania oraz drukowania ca\u0142ych stron lub fragment\u00f3w pod warunkiem nienaruszenia praw autorskich. \u017badna cz\u0119\u015b\u0107 serwisu nie mo\u017ce by\u0107 w ca\u0142o\u015bci lub cz\u0119\u015bci kopiowana w celach komercyjnych, transmitowana elektronicznie lub w inny spos\u00f3b modyfikowana, linkowana lub wykorzystana bez uprzedniej zgody JLP Software sp. z o.o.<br>IX. Zmiany w Polityce Prywatno\u015bci<br>Firma JLP Software sp. z o.o. zastrzega sobie prawo do zmiany powy\u017cszej Polityki Prywatno\u015bci. Zmiany b\u0119d\u0105 udost\u0119pniane U\u017cytkownikom poprzez publikacj\u0119 na niniejszej stronie.<br>X. Kontakt<br>W razie dodatkowych pyta\u0144 dotycz\u0105cych ochrony prywatno\u015bci, prosimy o kontakt korzystaj\u0105c z danych zawartych w zak\u0142adce Kontakt<\/li>\n<\/ol>\n","protected":false},"excerpt":{"rendered":"<p>Niniejsza Polityka Prywatno\u015bci okre\u015bla zasady przetwarzania i ochrony danych osobowych przekazanych przez U\u017cytkownik\u00f3w w zwi\u0105zku z korzystaniem z Serwisu internetowego udost\u0119pnionego w domenie www.statlore.pl zwanego dalej \u201eSerwisem\u201d.I. Administrator danychAdministratorem danych osobowych U\u017cytkownika Serwisu jest firma JLP Software Sp. z o.o. z siedzib\u0105 przy pl. Bankowym 2 00-870 w Warszawie, zwana dalej \u201eAdministratorem\u201d.II. Zbierane dane i [&hellip;]<\/p>\n","protected":false},"author":1,"featured_media":0,"parent":0,"menu_order":0,"comment_status":"closed","ping_status":"closed","template":"","meta":{"footnotes":""},"jetpack_sharing_enabled":true,"_links":{"self":[{"href":"https:\/\/statlore.pl\/index.php\/wp-json\/wp\/v2\/pages\/3"}],"collection":[{"href":"https:\/\/statlore.pl\/index.php\/wp-json\/wp\/v2\/pages"}],"about":[{"href":"https:\/\/statlore.pl\/index.php\/wp-json\/wp\/v2\/types\/page"}],"author":[{"embeddable":true,"href":"https:\/\/statlore.pl\/index.php\/wp-json\/wp\/v2\/users\/1"}],"replies":[{"embeddable":true,"href":"https:\/\/statlore.pl\/index.php\/wp-json\/wp\/v2\/comments?post=3"}],"version-history":[{"count":1,"href":"https:\/\/statlore.pl\/index.php\/wp-json\/wp\/v2\/pages\/3\/revisions"}],"predecessor-version":[{"id":29,"href":"https:\/\/statlore.pl\/index.php\/wp-json\/wp\/v2\/pages\/3\/revisions\/29"}],"wp:attachment":[{"href":"https:\/\/statlore.pl\/index.php\/wp-json\/wp\/v2\/media?parent=3"}],"curies":[{"name":"wp","href":"https:\/\/api.w.org\/{rel}","templated":true}]}}